{"id":2257,"date":"2017-10-10T14:22:00","date_gmt":"2017-10-10T12:22:00","guid":{"rendered":"http:\/\/pgd.repnje.si\/?page_id=2257"},"modified":"2024-09-24T12:54:13","modified_gmt":"2024-09-24T10:54:13","slug":"gasilski-nogometni-turnirji","status":"publish","type":"page","link":"https:\/\/pgd.repnje.si\/?page_id=2257","title":{"rendered":"Gasilski nogometni turnirji"},"content":{"rendered":"<p style=\"text-align: justify;\">Od leta 2011 pred gasilsko veselico organiziramo nogometne turnirje za \u010dlane gasilskih organizacij. Namen turnirjev je, da se gasilci dru\u017eimo v spro\u0161\u010denem vzdu\u017eju in ne samo na intervencijah, vajah in gasilskih tekmovanjih.<\/p>\n<p style=\"text-align: center;\"><img loading=\"lazy\" decoding=\"async\" class=\"aligncenter size-full wp-image-1660\" src=\"http:\/\/pgd.repnje.si\/wp-content\/uploads\/2015\/06\/gasnog.jpg\" alt=\"\" width=\"202\" height=\"198\" \/><\/p>\n<p>&nbsp;<\/p>\n<p>&nbsp;<\/p>\n<p>&nbsp;<\/p>\n<table>\n<tbody>\n<tr>\n<td style=\"text-align: center;\"><\/td>\n<td><strong>LETO<\/strong><\/td>\n<td><strong>1. MESTO<\/strong><\/td>\n<td><strong>2. MESTO<\/strong><\/td>\n<td>3. <strong>MESTO<\/strong><\/td>\n<\/tr>\n<tr>\n<td>1.<\/td>\n<td>2011<\/td>\n<td>PGD Ljubljana &#8211; Brdo<\/td>\n<td>PGD Polje 2<\/td>\n<td>PGD Polje 1<\/td>\n<\/tr>\n<tr>\n<td>2.<\/td>\n<td>2012<\/td>\n<td>PGD Polje<\/td>\n<td>PGD Zgornje Pirni\u010de<\/td>\n<td>PGD Ljubljana &#8211; Brdo<\/td>\n<\/tr>\n<tr>\n<td>3.<\/td>\n<td>2013<\/td>\n<td>PGD Zgornje Pirni\u010de<\/td>\n<td>PGD Repnje &#8211; Dobru\u0161a<\/td>\n<td>PGD Polje<\/td>\n<\/tr>\n<tr>\n<td><\/td>\n<td>2014<\/td>\n<td style=\"text-align: center;\" colspan=\"3\">Turnir ni bil organiziran<\/td>\n<\/tr>\n<tr>\n<td>4.<\/td>\n<td>2015<\/td>\n<td>PGD Polje (2)<\/td>\n<td>PGD \u0160inkov Turn<\/td>\n<td>PGD Vodice<\/td>\n<\/tr>\n<tr>\n<td>5.<\/td>\n<td>2016<\/td>\n<td>PGD Vodice<\/td>\n<td>PGD Polje<\/td>\n<td>PGD \u0160inkov Turn<\/td>\n<\/tr>\n<tr>\n<td>6.<\/td>\n<td>2017<\/td>\n<td>PGD Vodice (2)<\/td>\n<td>PGD Polje<\/td>\n<td>PGD Repnje &#8211; Dobru\u0161a<\/td>\n<\/tr>\n<tr>\n<td>7.<\/td>\n<td>2018<\/td>\n<td>PGD Polje (3)<\/td>\n<td>PGD \u0160inkov Turn<\/td>\n<td>PGD Smlednik<\/td>\n<\/tr>\n<tr>\n<td>8.<\/td>\n<td>2019<\/td>\n<td>PGD Smlednik<\/td>\n<td>PGD Vodice<\/td>\n<td>PGD Polje<\/td>\n<\/tr>\n<tr>\n<td><\/td>\n<td>2020<\/td>\n<td style=\"text-align: center;\" colspan=\"3\">Turnir ni bil organiziran<\/td>\n<\/tr>\n<tr>\n<td>9.<\/td>\n<td>2021<\/td>\n<td>PGD Lipoglav<\/td>\n<td>PGD Repnje &#8211; Dobru\u0161a<\/td>\n<td>PGD Polje<\/td>\n<\/tr>\n<tr>\n<td><\/td>\n<td>2022<\/td>\n<td style=\"text-align: center;\" colspan=\"3\">Turnir ni bil organiziran<\/td>\n<\/tr>\n<tr>\n<td>10.<\/td>\n<td>2023<\/td>\n<td>PGD Vodice (3)<\/td>\n<td>PGD Polje<\/td>\n<td>PGD Repnje &#8211; Dobru\u0161a<\/td>\n<\/tr>\n<tr>\n<td>11.<\/td>\n<td>2024<\/td>\n<td>PGD Vodice (4)<\/td>\n<td>PGD Lipoglav<\/td>\n<td>PGD Repnje &#8211; Dobru\u0161a<\/td>\n<\/tr>\n<\/tbody>\n<\/table>\n<p>&nbsp;<\/p>\n","protected":false},"excerpt":{"rendered":"<p>Od leta 2011 pred gasilsko veselico organiziramo nogometne turnirje za \u010dlane gasilskih organizacij. Namen turnirjev je, da se gasilci dru\u017eimo v spro\u0161\u010denem vzdu\u017eju in ne samo na intervencijah, vajah in gasilskih tekmovanjih. &nbsp; &nbsp; &nbsp; LETO 1. MESTO 2. MESTO 3. MESTO 1. 2011 PGD Ljubljana &#8211; Brdo PGD Polje 2 PGD Polje 1 2. [&hellip;]<\/p>\n","protected":false},"author":5,"featured_media":0,"parent":191,"menu_order":6,"comment_status":"closed","ping_status":"closed","template":"","meta":{"footnotes":"","_links_to":"","_links_to_target":""},"class_list":["post-2257","page","type-page","status-publish","hentry"],"_links":{"self":[{"href":"https:\/\/pgd.repnje.si\/index.php?rest_route=\/wp\/v2\/pages\/2257","targetHints":{"allow":["GET"]}}],"collection":[{"href":"https:\/\/pgd.repnje.si\/index.php?rest_route=\/wp\/v2\/pages"}],"about":[{"href":"https:\/\/pgd.repnje.si\/index.php?rest_route=\/wp\/v2\/types\/page"}],"author":[{"embeddable":true,"href":"https:\/\/pgd.repnje.si\/index.php?rest_route=\/wp\/v2\/users\/5"}],"replies":[{"embeddable":true,"href":"https:\/\/pgd.repnje.si\/index.php?rest_route=%2Fwp%2Fv2%2Fcomments&post=2257"}],"version-history":[{"count":42,"href":"https:\/\/pgd.repnje.si\/index.php?rest_route=\/wp\/v2\/pages\/2257\/revisions"}],"predecessor-version":[{"id":3672,"href":"https:\/\/pgd.repnje.si\/index.php?rest_route=\/wp\/v2\/pages\/2257\/revisions\/3672"}],"up":[{"embeddable":true,"href":"https:\/\/pgd.repnje.si\/index.php?rest_route=\/wp\/v2\/pages\/191"}],"wp:attachment":[{"href":"https:\/\/pgd.repnje.si\/index.php?rest_route=%2Fwp%2Fv2%2Fmedia&parent=2257"}],"curies":[{"name":"wp","href":"https:\/\/api.w.org\/{rel}","templated":true}]}}